{"id":6981,"date":"2016-02-23T10:49:12","date_gmt":"2016-02-23T10:49:12","guid":{"rendered":"http:\/\/democontent.codex-themes.com\/thegem\/?page_id=6981"},"modified":"2018-08-02T12:14:23","modified_gmt":"2018-08-02T12:14:23","slug":"hakkimizda","status":"publish","type":"page","link":"https:\/\/www.bessaetsut.com\/index.php\/hakkimizda\/","title":{"rendered":"Hakk\u0131m\u0131zda"},"content":{"rendered":"<p>[vc_row full_width=&#8221;stretch_row_content_no_spaces&#8221; equal_height=&#8221;yes&#8221; css=&#8221;.vc_custom_1456226492361{margin-bottom: 0px !important;}&#8221;][vc_column css=&#8221;.vc_custom_1533209941474{padding-top: 250px !important;padding-bottom: 250px !important;background-image: url(http:\/\/bessaetsut.com\/wp-content\/uploads\/2018\/08\/VI\u0307SI\u0307ON.jpg?id=23926) !important;background-position: center !important;background-repeat: no-repeat !important;background-size: cover !important;}&#8221; offset=&#8221;vc_col-lg-6 vc_col-md-6&#8243;][\/vc_column][vc_column offset=&#8221;vc_col-lg-6 vc_col-md-6&#8243;]<div class=\"clearboth\"><\/div><div class=\"gem-divider \" style=\"margin-top: 200px;\"><\/div>[vc_column_text]<\/p>\n<div class=\"title-h2\" style=\"text-align: center;\">V\u0130ZYONUMUZ<\/div>\n<p>[\/vc_column_text]<div class=\"clearboth\"><\/div><div class=\"gem-divider \" style=\"margin-top: 30px;\"><\/div>[vc_column_text el_class=&#8221;ptext&#8221;]<\/p>\n<p style=\"text-align: center;\"><span style=\"color: #46485c;\">Modern \u00fcretim tesislerini nitelikli i\u015f g\u00fcc\u00fc ile birle\u015ftiren, m\u00fc\u015fteri ve insan kayna\u011f\u0131n\u0131 en \u00f6nemli sermayesi kabul eden, gelecekte fark ve de\u011fer yaratan, t\u00fcm payda\u015flar\u0131n\u0131n par\u00e7as\u0131 olmaktan gurur duydu\u011fu bir firma olmakt\u0131r.<br \/>\n<\/span><\/p>\n<p>[\/vc_column_text]<div class=\"clearboth\"><\/div><div class=\"gem-divider \" style=\"margin-top: 30px;\"><\/div>[\/vc_column][\/vc_row][vc_row full_width=&#8221;stretch_row_content_no_spaces&#8221; equal_height=&#8221;yes&#8221; css=&#8221;.vc_custom_1533209562086{margin-bottom: 0px !important;}&#8221;][vc_column offset=&#8221;vc_col-lg-6 vc_col-md-6&#8243;]<div class=\"clearboth\"><\/div><div class=\"gem-divider \" style=\"margin-top: 130px;\"><\/div>[vc_column_text]<\/p>\n<div class=\"title-h2\" style=\"text-align: center;\">M\u0130SYONUMUZ<\/div>\n<p>[\/vc_column_text]<div class=\"clearboth\"><\/div><div class=\"gem-divider \" style=\"margin-top: 37px;\"><\/div>[vc_column_text el_class=&#8221;ptext&#8221;]<\/p>\n<p style=\"text-align: center;\">Et ve et \u00fcr\u00fcnleri sekt\u00f6r\u00fcnde, m\u00fc\u015fteri ihtiya\u00e7 ve beklentilerini en iyi \u015fekilde anlayarak, yayg\u0131n da\u011f\u0131t\u0131m a\u011f\u0131 ile etik de\u011ferlerinin bilincinde olarak kalite standartlar\u0131na uygun \u00fcr\u00fcn \u00fcreten ve da\u011f\u0131tan, s\u00fcrd\u00fcr\u00fclebilir karl\u0131l\u0131kla ekonomiye de\u011fer katan, m\u00fc\u015fteri memnuniyetini her \u015feyden \u00fcst\u00fcn tutan bir \u00fcretim i\u015fletmesi olmakt\u0131r.<\/p>\n<p>[\/vc_column_text]<div class=\"clearboth\"><\/div><div class=\"gem-divider \" style=\"margin-top: 50px;\"><\/div>[\/vc_column][vc_column css=&#8221;.vc_custom_1533209916228{padding-top: 250px !important;padding-bottom: 250px !important;background-image: url(http:\/\/bessaetsut.com\/wp-content\/uploads\/2018\/08\/MI\u0307SSI\u0307ON.jpg?id=23925) !important;background-position: center !important;background-repeat: no-repeat !important;background-size: cover !important;}&#8221; offset=&#8221;vc_col-lg-6 vc_col-md-6&#8243;][\/vc_column][\/vc_row][vc_row css=&#8221;.vc_custom_1456237598032{margin-bottom: 0px !important;}&#8221;][vc_column]<div id=\"fullwidth-block-69f4e4871b4d5\" class=\"fullwidth-block fullwidth-block-parallax-vertical clearfix\" data-mobile-parallax-enable=\"0\" style=\"padding-top: 130px;padding-bottom: 130px;\"><script type=\"text\/javascript\">if (typeof(gem_fix_fullwidth_position) == \"function\") { gem_fix_fullwidth_position(document.getElementById(\"fullwidth-block-69f4e4871b4d5\")); }<\/script><div class=\"fullwidth-block-background\" style=\"background-image: url(https:\/\/www.bessaetsut.com\/wp-content\/uploads\/2018\/08\/iyi-et-nas\u0131l.jpg);background-repeat: no-repeat; background-size: cover;background-position: center center;\"><\/div><div class=\"fullwidth-block-inner\"><div class=\"preloader\"><div class=\"preloader-spin\"><\/div><\/div><div class=\"size-medium style1 gem-testimonials fullwidth-block\"> <div id=\"post-23832\" class=\"gem-testimonial-item post-23832 thegem_testimonial type-thegem_testimonial status-publish\"> <div class=\"gem-testimonial-wrapper\"> <div class=\"gem-testimonial-image\"> <\/div> <div class=\"gem-testimonial-content\"> <div class=\"gem-testimonial-name\">ET HAKKINDA B\u0130LMEN\u0130Z GEREKEN \u015eEYLER !<\/div> <div class=\"gem-testimonial-text\"> <p>Etin rengi biraz koyu olabilir fakat mor olmamal\u0131d\u0131r. Mor renkli etlerden uzak durun. Ya k\u00fcspe yemi\u015f de\u011fersiz bir hayvan\u0131n etidir ya da kasab\u0131n\u0131z o ete su enjekte etmi\u015ftir.<\/p> <\/div> <\/div> <\/div> <\/div> <div id=\"post-23833\" class=\"gem-testimonial-item post-23833 thegem_testimonial type-thegem_testimonial status-publish\"> <div class=\"gem-testimonial-wrapper\"> <div class=\"gem-testimonial-image\"> <\/div> <div class=\"gem-testimonial-content\"> <div class=\"gem-testimonial-name\">ET HAKKINDA B\u0130LMEN\u0130Z GEREKEN \u015eEYLER !<\/div> <div class=\"gem-testimonial-text\"> <p>Taze et, bilinenin aksine serttir ve kesinlikle dinlenmi\u015f olmal\u0131d\u0131r.<\/p> <\/div> <\/div> <\/div> <\/div> <div id=\"post-23930\" class=\"gem-testimonial-item post-23930 thegem_testimonial type-thegem_testimonial status-publish\"> <div class=\"gem-testimonial-wrapper\"> <div class=\"gem-testimonial-image\"> <\/div> <div class=\"gem-testimonial-content\"> <div class=\"gem-testimonial-name\">ET HAKKINDA B\u0130LMEN\u0130Z GEREKEN \u015eEYLER !<\/div> <div class=\"gem-testimonial-text\"> <p>Etin duru\u015fu toplu olmal\u0131, kendini salm\u0131\u015f olmamal\u0131. E\u011fer et pelte gibi yay\u0131lm\u0131\u015fsa i\u00e7ine su enjekte edilmi\u015ftir.<\/p> <\/div> <\/div> <\/div> <\/div> <div id=\"post-23931\" class=\"gem-testimonial-item post-23931 thegem_testimonial type-thegem_testimonial status-publish\"> <div class=\"gem-testimonial-wrapper\"> <div class=\"gem-testimonial-image\"> <\/div> <div class=\"gem-testimonial-content\"> <div class=\"gem-testimonial-name\">ET HAKKINDA B\u0130LMEN\u0130Z GEREKEN \u015eEYLER !<\/div> <div class=\"gem-testimonial-text\"> <p>Etin \u00fczerindeki ya\u011f dokusu ince\u00a0 ve s\u0131k olmal\u0131. Sak\u0131n et ya\u011fl\u0131 diye ka\u00e7may\u0131n \u00e7\u00fcnk\u00fc ya\u011f zerrecikleri demek\u00a0 lezzet\u00a0 demek. Bunlara \u2018yaz\u0131\u2019 denir ki, kasab\u0131n\u0131za, \u201cBana \u015furadaki yaz\u0131l\u0131 antri-<br \/>\nkotu verin\u201d derseniz, kasab\u0131n\u0131z sizden \u00e7ekinecek ve en iyi eti size vermeye \u00e7al\u0131\u015facakt\u0131r.<\/p> <\/div> <\/div> <\/div> <\/div> <div class=\"testimonials_svg\"><svg width=\"100\" height=\"50\"><path d=\"M 0,-1 Q 45,5 50,50 Q 55,5 100,-1\" \/><\/svg><\/div><\/div><\/div><\/div>[\/vc_column][\/vc_row][vc_row][vc_column]<div class=\"clearboth\"><\/div><div class=\"gem-divider \" style=\"margin-top: 85px;\"><\/div>[vc_column_text]<\/p>\n<div class=\"title-h1\" style=\"text-align: center;\">BESSA KADROSU<\/div>\n<p>[\/vc_column_text]<div class=\"clearboth\"><\/div><div class=\"gem-divider \" style=\"margin-top: 65px;\"><\/div>[\/vc_column][\/vc_row][vc_row css=&#8221;.vc_custom_1456312407782{margin-bottom: 0px !important;}&#8221;][vc_column]<div id=\"fullwidth-block-69f4e48720009\" class=\"fullwidth-block clearfix\"  style=\"background-color: #f4f6f7;padding-top: 100px;\"><script type=\"text\/javascript\">if (typeof(gem_fix_fullwidth_position) == \"function\") { gem_fix_fullwidth_position(document.getElementById(\"fullwidth-block-69f4e48720009\")); }<\/script><div class=\"fullwidth-block-inner\"><div class=\"container\"><div class=\"clearboth\"><\/div><div class=\"gem-divider \" style=\"margin-top: -100px;\"><\/div><div class=\"gem-team row inline-row gem-team-style-5\"> <div class=\"col-sm-6 col-xs-12 inline-column\"> <div id=\"post-23842\" class=\"team-person centered-box default-background post-23842 thegem_team_person type-thegem_team_person status-publish has-post-thumbnail\"><div class=\"team-person-hover\"> <div class=\"team-person-image\"> <span class=\"image-hover\"> <picture> <source srcset=\"https:\/\/www.bessaetsut.com\/wp-content\/uploads\/2016\/04\/KADRORESMI\u0307-thegem-person.jpg 2x\" sizes=\"100vw\"> <img src=\"https:\/\/www.bessaetsut.com\/wp-content\/uploads\/2016\/04\/KADRORESMI\u0307-thegem-person.jpg\" width=\"400\" height=\"400\" class=\"img-responsive\" alt=\"KADRORESMI\u0307\" \/> <\/picture> <\/span> <\/div> <div class=\"team-person-info\"> <div class=\"team-person-name title-h4\">BEK\u0130R YUNUS KAHR\u0130MAN<\/div> <div class=\"team-person-position date-color\">GENEL M\u00dcD\u00dcR<\/div> <div class=\"team-person-phone styled-subtitle\">0507 783 5058<\/div> <div class=\"team-person-email\"><a href=\"mailto:iletisim@bessaetsut.com\">iletisim@bessaetsut.com<\/a><\/div> <\/div> <div class=\"socials team-person-socials socials-colored-hover\"><a title=\"Facebook\" target=\"_blank\" href=\"#\" class=\"socials-item\"><i class=\"socials-item-icon social-item-rounded facebook\"><\/i><\/a><a title=\"Twitter\" target=\"_blank\" href=\"#\" class=\"socials-item\"><i class=\"socials-item-icon social-item-rounded twitter\"><\/i><\/a><a title=\"Instagram\" target=\"_blank\" href=\"#\" class=\"socials-item\"><i class=\"socials-item-icon social-item-rounded instagram\"><\/i><\/a><\/div>\t<\/div><\/div> <\/div> <div class=\"col-sm-6 col-xs-12 inline-column\"> <div id=\"post-23843\" class=\"team-person centered-box default-background post-23843 thegem_team_person type-thegem_team_person status-publish has-post-thumbnail\"><div class=\"team-person-hover\"> <div class=\"team-person-image\"> <span class=\"image-hover\"> <picture> <source srcset=\"https:\/\/www.bessaetsut.com\/wp-content\/uploads\/2016\/04\/KADRORESMI\u0307-thegem-person.jpg 2x\" sizes=\"100vw\"> <img src=\"https:\/\/www.bessaetsut.com\/wp-content\/uploads\/2016\/04\/KADRORESMI\u0307-thegem-person.jpg\" width=\"400\" height=\"400\" class=\"img-responsive\" alt=\"KADRORESMI\u0307\" \/> <\/picture> <\/span> <\/div> <div class=\"team-person-info\"> <div class=\"team-person-name title-h4\">\u00d6MER FARUK KAHR\u0130MAN<\/div> <div class=\"team-person-position date-color\">GENEL M\u00dcD\u00dcR<\/div> <div class=\"team-person-phone styled-subtitle\">0541 237 3464<\/div> <div class=\"team-person-email\"><a href=\"mailto:iletisim@bessaetsut.com\">iletisim@bessaetsut.com<\/a><\/div> <\/div> <div class=\"socials team-person-socials socials-colored-hover\"><a title=\"Facebook\" target=\"_blank\" href=\"#\" class=\"socials-item\"><i class=\"socials-item-icon social-item-rounded facebook\"><\/i><\/a><a title=\"Twitter\" target=\"_blank\" href=\"#\" class=\"socials-item\"><i class=\"socials-item-icon social-item-rounded twitter\"><\/i><\/a><a title=\"Instagram\" target=\"_blank\" href=\"#\" class=\"socials-item\"><i class=\"socials-item-icon social-item-rounded instagram\"><\/i><\/a><\/div>\t<\/div><\/div> <\/div> <\/div><div class=\"clearboth\"><\/div><div class=\"gem-divider \" style=\"margin-bottom: -42px;\"><\/div><\/div><\/div><\/div>[\/vc_column][\/vc_row][vc_row css=&#8221;.vc_custom_1456313297565{margin-bottom: 0px !important;}&#8221;][vc_column]<div id=\"fullwidth-block-69f4e487257d8\" class=\"fullwidth-block clearfix\"  style=\"padding-top: 100px;padding-bottom: 200px;\"><script type=\"text\/javascript\">if (typeof(gem_fix_fullwidth_position) == \"function\") { gem_fix_fullwidth_position(document.getElementById(\"fullwidth-block-69f4e487257d8\")); }<\/script><div class=\"fullwidth-block-background\" style=\"background-image: url(https:\/\/www.bessaetsut.com\/wp-content\/uploads\/2018\/08\/iletis\u0327im-hakk\u0131m\u0131zda.jpg);background-repeat: no-repeat; background-size: cover;background-position: center top;\"><\/div><div class=\"fullwidth-block-inner\">[vc_column_text]<\/p>\n<div class=\"title-h1\" style=\"text-align: center;\"><span style=\"color: #ffffff;\">Bizimle ileti\u015fime ge\u00e7in<\/span><\/div>\n<p>[\/vc_column_text]<\/div><\/div>[\/vc_column][\/vc_row][vc_row][vc_column]<div id=\"fullwidth-block-69f4e48725881\" class=\"fullwidth-block clearfix\"  style=\"background-color: #f0f3f2;\"><script type=\"text\/javascript\">if (typeof(gem_fix_fullwidth_position) == \"function\") { gem_fix_fullwidth_position(document.getElementById(\"fullwidth-block-69f4e48725881\")); }<\/script><div class=\"fullwidth-block-inner\"><div class=\"container\">[vc_row_inner][vc_column_inner]<div class=\"clearboth\"><\/div><div class=\"gem-divider \" style=\"margin-top: -220px;\"><\/div><div class=\"quickfinder quickfinder-style-iconed quickfinder-binded row inline-row quickfinder-icon-position-top quickfinder-alignment-center quickfinder-title-bold\" data-hover-button-text-color=\"#ffffff\"><div id=\"post-7339\" class=\"quickfinder-item inline-column col-md-4 col-sm-6 col-xs-12 quickfinder-item-effect-background-reverse icon-size-medium quickfinder-box-style-strong-outlined post-7339 thegem_qf_item type-thegem_qf_item status-publish\"> <div class=\"quickfinder-item-box\" style=\"background-color: #ffffff;\"> <div class=\"quickfinder-item-inner\"> <div class=\"quickfinder-item-image\"> <div class=\"quickfinder-item-image-content\" > <div class=\"quickfinder-item-image-wrapper\"> <div class=\"gem-icon gem-icon-pack-material gem-icon-size-medium gem-icon-shape-circle\" style=\"border-color: #8a0000;opacity: 1;\"><div class=\"gem-icon-inner\" style=\"background-color: #8a0000;\"> <span class=\"gem-icon-half-1\" style=\"color: #ffffff;\"><span class=\"back-angle\">&#xf3e3;<\/span><\/span> <span class=\"gem-icon-half-2\" style=\"color: #ffffff;\"><span class=\"back-angle\">&#xf3e3;<\/span><\/span><\/div><\/div> <\/div> <\/div> <\/div> <div class=\"quickfinder-item-info-wrapper\"> <div class=\"quickfinder-item-info \" > <div class=\"quickfinder-item-title\" style=\"color: #404040;\">ADRES<\/div> <div class=\"quickfinder-item-text\" style=\"color: #5f727f;\">Fevzi \u00c7akmak Mah. 10444 Sk. 3 Karatay\/KONYA<\/div> <div class=\"gem-button-container gem-button-position-inline quickfinder-button\"><a class=\"gem-button gem-button-size-small gem-button-style-outline gem-button-text-weight-normal gem-button-border-2\" style=\"border-radius: 20px;border-color: #46485c;color: #46485c;\" onmouseleave=\"this.style.borderColor='#46485c';this.style.color='#46485c';\" onmouseenter=\"\" href=\"#\" target=\"_self\">haritada g\u00f6r<\/a><\/div> <\/div> <\/div> <\/div> <\/div> <a href=\"https:\/\/goo.gl\/maps\/LJUMDCGPhc32\" target=\"_self\" class=\"quickfinder-item-link\"><\/a> <\/div> <div id=\"post-7344\" class=\"quickfinder-item inline-column col-md-4 col-sm-6 col-xs-12 quickfinder-item-effect-background-reverse icon-size-medium quickfinder-box-style-strong-outlined post-7344 thegem_qf_item type-thegem_qf_item status-publish\"> <div class=\"quickfinder-item-box\" style=\"background-color: #ffffff;\"> <div class=\"quickfinder-item-inner\"> <div class=\"quickfinder-item-image\"> <div class=\"quickfinder-item-image-content\" > <div class=\"quickfinder-item-image-wrapper\"> <div class=\"gem-icon gem-icon-pack-material gem-icon-size-medium gem-icon-shape-circle\" style=\"border-color: #8a0000;opacity: 1;\"><div class=\"gem-icon-inner\" style=\"background-color: #8a0000;\"> <span class=\"gem-icon-half-1\" style=\"color: #ffffff;\"><span class=\"back-angle\">&#xf2af;<\/span><\/span> <span class=\"gem-icon-half-2\" style=\"color: #ffffff;\"><span class=\"back-angle\">&#xf2af;<\/span><\/span><\/div><\/div> <\/div> <\/div> <\/div> <div class=\"quickfinder-item-info-wrapper\"> <div class=\"quickfinder-item-info \" > <div class=\"quickfinder-item-title\" style=\"color: #3c3950;\">MA\u0130L ADRES<\/div> <div class=\"quickfinder-item-text\" style=\"color: #5f727f;\">Sipari\u015f, istek ve \u015fikayetleriniz i\u00e7in: iletisim@bessaetsut.com<\/div> <div class=\"gem-button-container gem-button-position-inline quickfinder-button\"><a class=\"gem-button gem-button-size-small gem-button-style-outline gem-button-text-weight-normal gem-button-border-2\" style=\"border-radius: 20px;border-color: #46485c;color: #46485c;\" onmouseleave=\"this.style.borderColor='#46485c';this.style.color='#46485c';\" onmouseenter=\"\" href=\"#\" target=\"_self\">Mail G\u00f6nder<\/a><\/div> <\/div> <\/div> <\/div> <\/div> <a href=\"http:\/\/bessaetsut.com\/index.php\/iletisim\/\" target=\"_self\" class=\"quickfinder-item-link\"><\/a> <\/div> <div id=\"post-7345\" class=\"quickfinder-item inline-column col-md-4 col-sm-6 col-xs-12 quickfinder-item-effect-background-reverse icon-size-medium quickfinder-box-style-strong-outlined post-7345 thegem_qf_item type-thegem_qf_item status-publish\"> <div class=\"quickfinder-item-box\" style=\"background-color: #ffffff;\"> <div class=\"quickfinder-item-inner\"> <div class=\"quickfinder-item-image\"> <div class=\"quickfinder-item-image-content\" > <div class=\"quickfinder-item-image-wrapper\"> <div class=\"gem-icon gem-icon-pack-material gem-icon-size-medium gem-icon-shape-circle\" style=\"border-color: #8a0000;opacity: 1;\"><div class=\"gem-icon-inner\" style=\"background-color: #8a0000;\"> <span class=\"gem-icon-half-1\" style=\"color: #ffffff;\"><span class=\"back-angle\">&#xf477;<\/span><\/span> <span class=\"gem-icon-half-2\" style=\"color: #ffffff;\"><span class=\"back-angle\">&#xf477;<\/span><\/span><\/div><\/div> <\/div> <\/div> <\/div> <div class=\"quickfinder-item-info-wrapper\"> <div class=\"quickfinder-item-info \" > <div class=\"quickfinder-item-title\" style=\"color: #3c3950;\">TELEFON<\/div> <div class=\"quickfinder-item-text\" style=\"color: #5f727f;\">Telefonda bilgi almak veya \u00f6neride bulunmak i\u00e7in : 0332 342 0407<\/div> <div class=\"gem-button-container gem-button-position-inline quickfinder-button\"><a class=\"gem-button gem-button-size-small gem-button-style-outline gem-button-text-weight-normal gem-button-border-2\" style=\"border-radius: 20px;border-color: #46485c;color: #46485c;\" onmouseleave=\"this.style.borderColor='#46485c';this.style.color='#46485c';\" onmouseenter=\"\" href=\"#\" target=\"_self\">\u0130leti\u015fim Sayfas\u0131<\/a><\/div> <\/div> <\/div> <\/div> <\/div> <a href=\"http:\/\/bessaetsut.com\/index.php\/iletisim\/\" target=\"_self\" class=\"quickfinder-item-link\"><\/a> <\/div> <\/div><div class=\"clearboth\"><\/div><div class=\"gem-divider \" style=\"margin-bottom: 25px;\"><\/div>[\/vc_column_inner][\/vc_row_inner]<\/div><\/div><\/div>[\/vc_column][\/vc_row]<\/p>\n","protected":false},"excerpt":{"rendered":"<p>[vc_row full_width=&#8221;stretch_row_content_no_spaces&#8221; equal_height=&#8221;yes&#8221; css=&#8221;.vc_custom_1456226492361{margin-bottom: 0px !important;}&#8221;][vc_column css=&#8221;.vc_custom_1533209941474{padding-top: 250px !important;padding-bottom: 250px !important;background-image: url(http:\/\/bessaetsut.com\/wp-content\/uploads\/2018\/08\/VI\u0307SI\u0307ON.jpg?id=23926) !important;background-position: center !important;background-repeat: no-repeat !important;background-size: cover !important;}&#8221; offset=&#8221;vc_col-lg-6&#8230;<\/p>\n","protected":false},"author":1,"featured_media":0,"parent":0,"menu_order":0,"comment_status":"closed","ping_status":"closed","template":"","meta":[],"aioseo_notices":[],"_links":{"self":[{"href":"https:\/\/www.bessaetsut.com\/index.php\/wp-json\/wp\/v2\/pages\/6981"}],"collection":[{"href":"https:\/\/www.bessaetsut.com\/index.php\/wp-json\/wp\/v2\/pages"}],"about":[{"href":"https:\/\/www.bessaetsut.com\/index.php\/wp-json\/wp\/v2\/types\/page"}],"author":[{"embeddable":true,"href":"https:\/\/www.bessaetsut.com\/index.php\/wp-json\/wp\/v2\/users\/1"}],"replies":[{"embeddable":true,"href":"https:\/\/www.bessaetsut.com\/index.php\/wp-json\/wp\/v2\/comments?post=6981"}],"version-history":[{"count":8,"href":"https:\/\/www.bessaetsut.com\/index.php\/wp-json\/wp\/v2\/pages\/6981\/revisions"}],"predecessor-version":[{"id":23935,"href":"https:\/\/www.bessaetsut.com\/index.php\/wp-json\/wp\/v2\/pages\/6981\/revisions\/23935"}],"wp:attachment":[{"href":"https:\/\/www.bessaetsut.com\/index.php\/wp-json\/wp\/v2\/media?parent=6981"}],"curies":[{"name":"wp","href":"https:\/\/api.w.org\/{rel}","templated":true}]}}